{"id":1999,"date":"2023-08-22T08:42:04","date_gmt":"2023-08-22T06:42:04","guid":{"rendered":"https:\/\/isotermica.net\/politique-en-matiere-de-cookies\/"},"modified":"2025-04-09T12:57:16","modified_gmt":"2025-04-09T10:57:16","slug":"politique-en-matiere-de-cookies","status":"publish","type":"page","link":"https:\/\/isotermica.net\/fr\/politique-en-matiere-de-cookies\/","title":{"rendered":"POLITIQUE EN MATI\u00c8RE DE COOKIES"},"content":{"rendered":"\t\t<div data-elementor-type=\"wp-page\" data-elementor-id=\"1999\" class=\"elementor elementor-1999 elementor-372\" data-elementor-post-type=\"page\">\n\t\t\t\t<div class=\"elementor-element elementor-element-e17cc69 e-flex e-con-boxed e-con e-parent\" data-id=\"e17cc69\" data-element_type=\"container\" data-e-type=\"container\">\n\t\t\t\t\t<div class=\"e-con-inner\">\n\t\t\t\t<div class=\"elementor-element elementor-element-49b446d elementor-widget elementor-widget-heading\" data-id=\"49b446d\" data-element_type=\"widget\" data-e-type=\"widget\" data-widget_type=\"heading.default\">\n\t\t\t\t<div class=\"elementor-widget-container\">\n\t\t\t\t\t<h2 class=\"elementor-heading-title elementor-size-default\">POLITIQUE EN MATI\u00c8RE DE COOKIES<\/h2>\t\t\t\t<\/div>\n\t\t\t\t<\/div>\n\t\t\t\t<div class=\"elementor-element elementor-element-72921bb elementor-widget elementor-widget-text-editor\" data-id=\"72921bb\" data-element_type=\"widget\" data-e-type=\"widget\" data-widget_type=\"text-editor.default\">\n\t\t\t\t<div class=\"elementor-widget-container\">\n\t\t\t\t\t\t\t\t\t<div class=\"page\" title=\"Page 1\">\n<div class=\"section\">\n<div class=\"layoutArea\">\n<div class=\"column\">\n<p>Ce site web utilise ses propres cookies et ceux de tiers pour vous offrir une meilleure exp\u00e9rience et un meilleur service. En naviguant ou en utilisant nos services, l&rsquo;utilisateur accepte notre utilisation des cookies. Toutefois, l&rsquo;utilisateur a la possibilit\u00e9 d&#8217;emp\u00eacher la g\u00e9n\u00e9ration de cookies et de les supprimer en s\u00e9lectionnant l&rsquo;option appropri\u00e9e dans votre navigateur.   Si vous bloquez l&rsquo;utilisation des cookies dans votre navigateur, il est possible que certains services ou fonctionnalit\u00e9s du site web ne soient pas disponibles.<\/p>\n<h4>Qu&rsquo;est-ce qu&rsquo;un cookie ?<\/h4>\n<p>Un \u00ab\u00a0cookie\u00a0\u00bb est un petit morceau de texte que les sites web envoient au navigateur et qui est stock\u00e9 sur le terminal de l&rsquo;utilisateur, qui peut \u00eatre un ordinateur personnel, un t\u00e9l\u00e9phone mobile, une tablette, etc. Ces fichiers permettent au site web de m\u00e9moriser des informations relatives \u00e0 votre visite, telles que la langue et les options pr\u00e9f\u00e9r\u00e9es, ce qui peut faciliter votre prochaine visite et rendre le site plus utile en personnalisant son contenu. Les cookies jouent un r\u00f4le tr\u00e8s important dans l&rsquo;am\u00e9lioration de l&rsquo;exp\u00e9rience d&rsquo;utilisation du site web.  <\/p>\n<p><b>Comment les cookies sont-ils utilis\u00e9s ?<\/b><\/p>\n<p>En naviguant sur ce site, l&rsquo;utilisateur accepte que des cookies soient install\u00e9s sur son terminal et qu&rsquo;ils nous permettent d&rsquo;obtenir les informations suivantes :<\/p>\n<ul>\n<li>des informations statistiques sur l&rsquo;utilisation du site web.<\/li>\n<li>Le login de l&rsquo;utilisateur pour maintenir la session active sur le site web.<\/li>\n<\/ul>\n<p><b>Types de cookies utilis\u00e9s<\/b><\/p>\n<p>Ce site web utilise \u00e0 la fois des cookies de session temporaires et des cookies persistants. Les cookies de session stockent des donn\u00e9es uniquement lorsque l&rsquo;utilisateur acc\u00e8de au site web, tandis que les cookies persistants stockent des donn\u00e9es dans le terminal afin de pouvoir y acc\u00e9der et les utiliser au cours de plusieurs sessions. <\/p>\n<p>En fonction de la finalit\u00e9 du traitement des donn\u00e9es obtenues par le biais des cookies, le site web peut utiliser :<\/p>\n<p><strong>Cookies techniques<\/strong><\/p>\n<p>Ce sont ceux qui permettent \u00e0 l&rsquo;utilisateur de naviguer sur le site web ou l&rsquo;application et d&rsquo;utiliser les diff\u00e9rentes options ou services qui y sont propos\u00e9s. Par exemple, contr\u00f4ler le trafic et la communication des donn\u00e9es, identifier la session, acc\u00e9der \u00e0 des parties du site \u00e0 acc\u00e8s restreint, m\u00e9moriser les \u00e9l\u00e9ments qui composent une commande, faire la demande d&rsquo;inscription ou de participation \u00e0 un \u00e9v\u00e9nement, utiliser des fonctions de s\u00e9curit\u00e9 pendant la navigation et stocker des contenus pour la diffusion de vid\u00e9os ou de sons. <\/p>\n<p><strong>Cookies de personnalisation<\/strong><\/p>\n<p>Ce sont celles qui permettent \u00e0 l&rsquo;utilisateur d&rsquo;acc\u00e9der au service avec certaines caract\u00e9ristiques g\u00e9n\u00e9rales pr\u00e9d\u00e9finies dans son terminal ou d\u00e9finies par l&rsquo;utilisateur lui-m\u00eame. Par exemple, la langue, le type de navigateur \u00e0 travers lequel le service est accessible, la conception du contenu s\u00e9lectionn\u00e9e, la g\u00e9olocalisation du terminal et la configuration r\u00e9gionale \u00e0 partir de laquelle le service est accessible. <\/p>\n<p><strong>Cookies d&rsquo;analyse statistique<\/strong><\/p>\n<p>Ce sont ceux qui permettent de suivre et d&rsquo;analyser le comportement des utilisateurs sur les sites web. Les informations collect\u00e9es par ce type de cookies sont utilis\u00e9es pour mesurer l&rsquo;activit\u00e9 des sites web, de l&rsquo;application ou de la plateforme et pour cr\u00e9er des profils de navigation des utilisateurs de ces sites, afin d&rsquo;introduire des am\u00e9liorations dans le service sur la base des donn\u00e9es d&rsquo;utilisation des utilisateurs. <\/p>\n<p><strong>Cookies de tiers<\/strong><\/p>\n<p>Sur certains sites web, des cookies de tiers peuvent \u00eatre install\u00e9s pour g\u00e9rer et am\u00e9liorer les services propos\u00e9s. Par exemple, Google Analytics et les services statistiques de Comscore. <\/p>\n<p>[cookie_audit_category columns=\u00a0\u00bbcookie,description\u00a0\u00bb]<\/p>\n<h4>Comment g\u00e9rer les cookies dans le navigateur ?<\/h4>\n<p>L&rsquo;utilisateur a la possibilit\u00e9 d&rsquo;autoriser, de bloquer ou de supprimer les cookies install\u00e9s sur son \u00e9quipement en configurant les options du navigateur install\u00e9 sur son terminal :<\/p>\n<p>Pour ajuster les permissions li\u00e9es aux cookies dans le navigateur Google Chrome :<\/p>\n<p>Cliquez sur le menu dans la barre d&rsquo;outils.<\/p>\n<p>S\u00e9lectionnez Configuration.<\/p>\n<ul>\n<li>Cliquez sur Afficher les options avanc\u00e9es.<\/li>\n<li>Dans la section \u00ab\u00a0Vie priv\u00e9e\u00a0\u00bb, cliquez sur le bouton \u00ab\u00a0Param\u00e8tres de contenu\u00a0\u00bb.<\/li>\n<li>Dans la section \u00ab\u00a0Cookies\u00a0\u00bb, vous pouvez configurer les options.<\/li>\n<\/ul>\n<p><a href=\"https:\/\/support.google.com\/chrome\/answer\/95647?hl=es\" target=\"_blank\" rel=\"noopener\">En savoir plus sur Google Chrome<\/a><\/p>\n<p>Pour ajuster les permissions li\u00e9es aux cookies dans le navigateur Mozilla Firefox :<\/p>\n<ul>\n<li>En haut de la fen\u00eatre Firefox, cliquez sur le menu Outils.<\/li>\n<li>S\u00e9lectionnez Options.<\/li>\n<li>S\u00e9lectionnez le volet Confidentialit\u00e9.<\/li>\n<li>Dans l&rsquo;option Firefox, vous pouvez choisir Utiliser les param\u00e8tres personnalis\u00e9s pour l&rsquo;historique afin de configurer les options.<\/li>\n<\/ul>\n<p><a href=\"http:\/\/support.mozilla.org\/es\/search?esab=a&amp;q=cookies\" target=\"_blank\" rel=\"noopener\">Plus d&rsquo;informations sur Mozilla Firefox<\/a><\/p>\n<p>Pour d\u00e9finir les autorisations relatives aux cookies dans le navigateur Internet Explorer 9 :<\/p>\n<ul>\n<li>En haut de la fen\u00eatre d&rsquo;Internet Explorer, cliquez sur le menu Outils.<\/li>\n<li>S\u00e9lectionnez l&rsquo;onglet S\u00e9curit\u00e9 et utilisez l&rsquo;option Supprimer l&rsquo;historique de navigation pour supprimer les cookies. Cochez la case \u00ab\u00a0Cookies\u00a0\u00bb, puis cliquez sur Supprimer. <\/li>\n<li>S\u00e9lectionnez l&rsquo;onglet S\u00e9curit\u00e9 et allez dans Param\u00e8tres. D\u00e9placez le curseur vers le haut pour bloquer tous les cookies ou vers le bas pour les autoriser. Cliquez ensuite sur OK.  <\/li>\n<\/ul>\n<p><a href=\"http:\/\/windows.microsoft.com\/es-es\/internet-explorer\/delete-manage-cookies#ie=ie-11\" target=\"_blank\" rel=\"noopener\">Plus d&rsquo;informations sur Internet Explorer 9<\/a><\/p>\n<p>Si vous bloquez l&rsquo;utilisation des cookies dans votre navigateur, il est possible que certains services ou fonctionnalit\u00e9s du site web ne soient pas disponibles.<\/p>\n<p>Dans certains navigateurs, vous pouvez d\u00e9finir des r\u00e8gles sp\u00e9cifiques pour g\u00e9rer les cookies site par site, ce qui vous permet de contr\u00f4ler plus pr\u00e9cis\u00e9ment votre vie priv\u00e9e. Cela signifie que vous pouvez d\u00e9sactiver les cookies de tous les sites, \u00e0 l&rsquo;exception de ceux auxquels vous faites confiance. <\/p>\n<\/div>\n<\/div>\n<\/div>\n<\/div>\n\t\t\t\t\t\t\t\t<\/div>\n\t\t\t\t<\/div>\n\t\t\t\t\t<\/div>\n\t\t\t\t<\/div>\n\t\t\t\t<\/div>\n\t\t","protected":false},"excerpt":{"rendered":"<p>POLITIQUE EN MATI\u00c8RE DE COOKIES Ce site web utilise ses propres cookies et ceux de tiers pour vous offrir une meilleure exp\u00e9rience et un meilleur service. En naviguant ou en utilisant nos services, l&rsquo;utilisateur accepte notre utilisation des cookies. Toutefois, l&rsquo;utilisateur a la possibilit\u00e9 d&#8217;emp\u00eacher la g\u00e9n\u00e9ration de cookies et de les supprimer en s\u00e9lectionnant &#8230; <a title=\"POLITIQUE EN MATI\u00c8RE DE COOKIES\" class=\"read-more\" href=\"https:\/\/isotermica.net\/fr\/politique-en-matiere-de-cookies\/\" aria-label=\"En savoir plus sur POLITIQUE EN MATI\u00c8RE DE COOKIES\">Lire la suite<\/a><\/p>\n","protected":false},"author":1,"featured_media":0,"parent":0,"menu_order":0,"comment_status":"closed","ping_status":"closed","template":"","meta":{"_acf_changed":false,"footnotes":""},"class_list":["post-1999","page","type-page","status-publish"],"acf":[],"yoast_head":"<!-- This site is optimized with the Yoast SEO plugin v27.4 - https:\/\/yoast.com\/product\/yoast-seo-wordpress\/ -->\n<title>POLITIQUE EN MATI\u00c8RE DE COOKIES - Isot\u00e9rmica<\/title>\n<meta name=\"robots\" content=\"noindex, follow\" \/>\n<meta property=\"og:locale\" content=\"fr_FR\" \/>\n<meta property=\"og:type\" content=\"article\" \/>\n<meta property=\"og:title\" content=\"POLITIQUE EN MATI\u00c8RE DE COOKIES - Isot\u00e9rmica\" \/>\n<meta property=\"og:description\" content=\"POLITIQUE EN MATI\u00c8RE DE COOKIES Ce site web utilise ses propres cookies et ceux de tiers pour vous offrir une meilleure exp\u00e9rience et un meilleur service. En naviguant ou en utilisant nos services, l&rsquo;utilisateur accepte notre utilisation des cookies. Toutefois, l&rsquo;utilisateur a la possibilit\u00e9 d&#8217;emp\u00eacher la g\u00e9n\u00e9ration de cookies et de les supprimer en s\u00e9lectionnant ... Lire la suite\" \/>\n<meta property=\"og:url\" content=\"https:\/\/isotermica.net\/fr\/politique-en-matiere-de-cookies\/\" \/>\n<meta property=\"og:site_name\" content=\"Isot\u00e9rmica\" \/>\n<meta property=\"article:modified_time\" content=\"2025-04-09T10:57:16+00:00\" \/>\n<meta name=\"twitter:card\" content=\"summary_large_image\" \/>\n<meta name=\"twitter:label1\" content=\"Dur\u00e9e de lecture estim\u00e9e\" \/>\n\t<meta name=\"twitter:data1\" content=\"5 minutes\" \/>\n<script type=\"application\/ld+json\" class=\"yoast-schema-graph\">{\"@context\":\"https:\\\/\\\/schema.org\",\"@graph\":[{\"@type\":\"WebPage\",\"@id\":\"https:\\\/\\\/isotermica.net\\\/fr\\\/politique-en-matiere-de-cookies\\\/\",\"url\":\"https:\\\/\\\/isotermica.net\\\/fr\\\/politique-en-matiere-de-cookies\\\/\",\"name\":\"POLITIQUE EN MATI\u00c8RE DE COOKIES - Isot\u00e9rmica\",\"isPartOf\":{\"@id\":\"https:\\\/\\\/isotermica.net\\\/fr\\\/#website\"},\"datePublished\":\"2023-08-22T06:42:04+00:00\",\"dateModified\":\"2025-04-09T10:57:16+00:00\",\"breadcrumb\":{\"@id\":\"https:\\\/\\\/isotermica.net\\\/fr\\\/politique-en-matiere-de-cookies\\\/#breadcrumb\"},\"inLanguage\":\"fr-FR\",\"potentialAction\":[{\"@type\":\"ReadAction\",\"target\":[\"https:\\\/\\\/isotermica.net\\\/fr\\\/politique-en-matiere-de-cookies\\\/\"]}]},{\"@type\":\"BreadcrumbList\",\"@id\":\"https:\\\/\\\/isotermica.net\\\/fr\\\/politique-en-matiere-de-cookies\\\/#breadcrumb\",\"itemListElement\":[{\"@type\":\"ListItem\",\"position\":1,\"name\":\"Inicio\",\"item\":\"https:\\\/\\\/isotermica.net\\\/fr\\\/accueil\\\/\"},{\"@type\":\"ListItem\",\"position\":2,\"name\":\"POLITIQUE EN MATI\u00c8RE DE COOKIES\"}]},{\"@type\":\"WebSite\",\"@id\":\"https:\\\/\\\/isotermica.net\\\/fr\\\/#website\",\"url\":\"https:\\\/\\\/isotermica.net\\\/fr\\\/\",\"name\":\"Isot\u00e9rmica\",\"description\":\"Fabricaci\u00f3n de Puertas para la Industria Alimentaria\",\"publisher\":{\"@id\":\"https:\\\/\\\/isotermica.net\\\/fr\\\/#organization\"},\"potentialAction\":[{\"@type\":\"SearchAction\",\"target\":{\"@type\":\"EntryPoint\",\"urlTemplate\":\"https:\\\/\\\/isotermica.net\\\/fr\\\/?s={search_term_string}\"},\"query-input\":{\"@type\":\"PropertyValueSpecification\",\"valueRequired\":true,\"valueName\":\"search_term_string\"}}],\"inLanguage\":\"fr-FR\"},{\"@type\":\"Organization\",\"@id\":\"https:\\\/\\\/isotermica.net\\\/fr\\\/#organization\",\"name\":\"Isot\u00e9rmica\",\"url\":\"https:\\\/\\\/isotermica.net\\\/fr\\\/\",\"logo\":{\"@type\":\"ImageObject\",\"inLanguage\":\"fr-FR\",\"@id\":\"https:\\\/\\\/isotermica.net\\\/fr\\\/#\\\/schema\\\/logo\\\/image\\\/\",\"url\":\"https:\\\/\\\/isotermica.net\\\/wp-content\\\/uploads\\\/2023\\\/08\\\/logo-isotermica-color.svg\",\"contentUrl\":\"https:\\\/\\\/isotermica.net\\\/wp-content\\\/uploads\\\/2023\\\/08\\\/logo-isotermica-color.svg\",\"width\":504,\"height\":71,\"caption\":\"Isot\u00e9rmica\"},\"image\":{\"@id\":\"https:\\\/\\\/isotermica.net\\\/fr\\\/#\\\/schema\\\/logo\\\/image\\\/\"}}]}<\/script>\n<!-- \/ Yoast SEO plugin. -->","yoast_head_json":{"title":"POLITIQUE EN MATI\u00c8RE DE COOKIES - Isot\u00e9rmica","robots":{"index":"noindex","follow":"follow"},"og_locale":"fr_FR","og_type":"article","og_title":"POLITIQUE EN MATI\u00c8RE DE COOKIES - Isot\u00e9rmica","og_description":"POLITIQUE EN MATI\u00c8RE DE COOKIES Ce site web utilise ses propres cookies et ceux de tiers pour vous offrir une meilleure exp\u00e9rience et un meilleur service. En naviguant ou en utilisant nos services, l&rsquo;utilisateur accepte notre utilisation des cookies. Toutefois, l&rsquo;utilisateur a la possibilit\u00e9 d&#8217;emp\u00eacher la g\u00e9n\u00e9ration de cookies et de les supprimer en s\u00e9lectionnant ... Lire la suite","og_url":"https:\/\/isotermica.net\/fr\/politique-en-matiere-de-cookies\/","og_site_name":"Isot\u00e9rmica","article_modified_time":"2025-04-09T10:57:16+00:00","twitter_card":"summary_large_image","twitter_misc":{"Dur\u00e9e de lecture estim\u00e9e":"5 minutes"},"schema":{"@context":"https:\/\/schema.org","@graph":[{"@type":"WebPage","@id":"https:\/\/isotermica.net\/fr\/politique-en-matiere-de-cookies\/","url":"https:\/\/isotermica.net\/fr\/politique-en-matiere-de-cookies\/","name":"POLITIQUE EN MATI\u00c8RE DE COOKIES - Isot\u00e9rmica","isPartOf":{"@id":"https:\/\/isotermica.net\/fr\/#website"},"datePublished":"2023-08-22T06:42:04+00:00","dateModified":"2025-04-09T10:57:16+00:00","breadcrumb":{"@id":"https:\/\/isotermica.net\/fr\/politique-en-matiere-de-cookies\/#breadcrumb"},"inLanguage":"fr-FR","potentialAction":[{"@type":"ReadAction","target":["https:\/\/isotermica.net\/fr\/politique-en-matiere-de-cookies\/"]}]},{"@type":"BreadcrumbList","@id":"https:\/\/isotermica.net\/fr\/politique-en-matiere-de-cookies\/#breadcrumb","itemListElement":[{"@type":"ListItem","position":1,"name":"Inicio","item":"https:\/\/isotermica.net\/fr\/accueil\/"},{"@type":"ListItem","position":2,"name":"POLITIQUE EN MATI\u00c8RE DE COOKIES"}]},{"@type":"WebSite","@id":"https:\/\/isotermica.net\/fr\/#website","url":"https:\/\/isotermica.net\/fr\/","name":"Isot\u00e9rmica","description":"Fabricaci\u00f3n de Puertas para la Industria Alimentaria","publisher":{"@id":"https:\/\/isotermica.net\/fr\/#organization"},"potentialAction":[{"@type":"SearchAction","target":{"@type":"EntryPoint","urlTemplate":"https:\/\/isotermica.net\/fr\/?s={search_term_string}"},"query-input":{"@type":"PropertyValueSpecification","valueRequired":true,"valueName":"search_term_string"}}],"inLanguage":"fr-FR"},{"@type":"Organization","@id":"https:\/\/isotermica.net\/fr\/#organization","name":"Isot\u00e9rmica","url":"https:\/\/isotermica.net\/fr\/","logo":{"@type":"ImageObject","inLanguage":"fr-FR","@id":"https:\/\/isotermica.net\/fr\/#\/schema\/logo\/image\/","url":"https:\/\/isotermica.net\/wp-content\/uploads\/2023\/08\/logo-isotermica-color.svg","contentUrl":"https:\/\/isotermica.net\/wp-content\/uploads\/2023\/08\/logo-isotermica-color.svg","width":504,"height":71,"caption":"Isot\u00e9rmica"},"image":{"@id":"https:\/\/isotermica.net\/fr\/#\/schema\/logo\/image\/"}}]}},"_links":{"self":[{"href":"https:\/\/isotermica.net\/fr\/wp-json\/wp\/v2\/pages\/1999","targetHints":{"allow":["GET"]}}],"collection":[{"href":"https:\/\/isotermica.net\/fr\/wp-json\/wp\/v2\/pages"}],"about":[{"href":"https:\/\/isotermica.net\/fr\/wp-json\/wp\/v2\/types\/page"}],"author":[{"embeddable":true,"href":"https:\/\/isotermica.net\/fr\/wp-json\/wp\/v2\/users\/1"}],"replies":[{"embeddable":true,"href":"https:\/\/isotermica.net\/fr\/wp-json\/wp\/v2\/comments?post=1999"}],"version-history":[{"count":0,"href":"https:\/\/isotermica.net\/fr\/wp-json\/wp\/v2\/pages\/1999\/revisions"}],"wp:attachment":[{"href":"https:\/\/isotermica.net\/fr\/wp-json\/wp\/v2\/media?parent=1999"}],"curies":[{"name":"wp","href":"https:\/\/api.w.org\/{rel}","templated":true}]}}