{"id":1964,"date":"2023-08-22T08:29:22","date_gmt":"2023-08-22T06:29:22","guid":{"rendered":"https:\/\/isotermica.net\/demander-un-devis\/"},"modified":"2025-11-12T11:01:59","modified_gmt":"2025-11-12T10:01:59","slug":"demander-un-devis","status":"publish","type":"page","link":"https:\/\/isotermica.net\/fr\/demander-un-devis\/","title":{"rendered":"DEMANDER UN DEVIS"},"content":{"rendered":"\t\t<div data-elementor-type=\"wp-page\" data-elementor-id=\"1964\" class=\"elementor elementor-1964 elementor-345\" data-elementor-post-type=\"page\">\n\t\t\t\t<div class=\"elementor-element elementor-element-8474ecf e-flex e-con-boxed e-con e-parent\" data-id=\"8474ecf\" data-element_type=\"container\" data-e-type=\"container\" data-settings=\"{&quot;background_background&quot;:&quot;classic&quot;}\">\n\t\t\t\t\t<div class=\"e-con-inner\">\n\t\t\t\t<div class=\"elementor-element elementor-element-7a89ae5 elementor-widget elementor-widget-heading\" data-id=\"7a89ae5\" data-element_type=\"widget\" data-e-type=\"widget\" data-widget_type=\"heading.default\">\n\t\t\t\t<div class=\"elementor-widget-container\">\n\t\t\t\t\t<h2 class=\"elementor-heading-title elementor-size-default\">DEMANDER UN DEVIS<\/h2>\t\t\t\t<\/div>\n\t\t\t\t<\/div>\n\t\t\t\t\t<\/div>\n\t\t\t\t<\/div>\n\t\t<div class=\"elementor-element elementor-element-464f0c3 e-flex e-con-boxed e-con e-parent\" data-id=\"464f0c3\" data-element_type=\"container\" data-e-type=\"container\" data-settings=\"{&quot;background_background&quot;:&quot;classic&quot;}\">\n\t\t\t\t\t<div class=\"e-con-inner\">\n\t\t<div class=\"elementor-element elementor-element-d722662 e-con-full e-flex e-con e-child\" data-id=\"d722662\" data-element_type=\"container\" data-e-type=\"container\">\n\t\t\t\t<div class=\"elementor-element elementor-element-31bbe94 elementor-widget elementor-widget-heading\" data-id=\"31bbe94\" data-element_type=\"widget\" data-e-type=\"widget\" data-widget_type=\"heading.default\">\n\t\t\t\t<div class=\"elementor-widget-container\">\n\t\t\t\t\t<h2 class=\"elementor-heading-title elementor-size-default\">\nDemandez un devis sans engagement<\/h2>\t\t\t\t<\/div>\n\t\t\t\t<\/div>\n\t\t\t\t<div class=\"elementor-element elementor-element-8342f8c elementor-widget elementor-widget-text-editor\" data-id=\"8342f8c\" data-element_type=\"widget\" data-e-type=\"widget\" data-widget_type=\"text-editor.default\">\n\t\t\t\t<div class=\"elementor-widget-container\">\n\t\t\t\t\t\t\t\t\t<p>Si vous avez des questions sur nos produits ou si vous souhaitez demander un devis, n&rsquo;h\u00e9sitez pas \u00e0 nous contacter en utilisant le formulaire suivant ou en nous envoyant un courrier \u00e9lectronique \u00e0 l&rsquo;adresse suivante <span style=\"color: #ffffff;\"><a style=\"color: #ffffff;\" href=\"mailto:comercial@isotermica.es\">comercial@isotermica.es<\/a><\/span><\/p>\t\t\t\t\t\t\t\t<\/div>\n\t\t\t\t<\/div>\n\t\t\t\t<\/div>\n\t\t<div class=\"elementor-element elementor-element-02ae6d6 e-con-full e-flex e-con e-child\" data-id=\"02ae6d6\" data-element_type=\"container\" data-e-type=\"container\">\n\t\t\t\t<div class=\"elementor-element elementor-element-ec3b6ed elementor-widget elementor-widget-heading\" data-id=\"ec3b6ed\" data-element_type=\"widget\" data-e-type=\"widget\" data-widget_type=\"heading.default\">\n\t\t\t\t<div class=\"elementor-widget-container\">\n\t\t\t\t\t<h2 class=\"elementor-heading-title elementor-size-default\">Consultation d'un expert<\/h2>\t\t\t\t<\/div>\n\t\t\t\t<\/div>\n\t\t\t\t<div class=\"elementor-element elementor-element-982d409 elementor-button-align-stretch elementor-widget elementor-widget-form\" data-id=\"982d409\" data-element_type=\"widget\" data-e-type=\"widget\" data-settings=\"{&quot;step_next_label&quot;:&quot;Suivant&quot;,&quot;step_previous_label&quot;:&quot;Pr\\u00e9c\\u00e9dent&quot;,&quot;button_width&quot;:&quot;100&quot;,&quot;step_type&quot;:&quot;number_text&quot;,&quot;step_icon_shape&quot;:&quot;circle&quot;}\" data-widget_type=\"form.default\">\n\t\t\t\t<div class=\"elementor-widget-container\">\n\t\t\t\t\t\t\t<form class=\"elementor-form\" method=\"post\" name=\"Budget\" aria-label=\"Budget\">\n\t\t\t<input type=\"hidden\" name=\"post_id\" value=\"1964\"\/>\n\t\t\t<input type=\"hidden\" name=\"form_id\" value=\"982d409\"\/>\n\t\t\t<input type=\"hidden\" name=\"referer_title\" value=\"Isot\u00e9rmica\" \/>\n\n\t\t\t\n\t\t\t<div class=\"elementor-form-fields-wrapper elementor-labels-\">\n\t\t\t\t\t\t\t\t<div class=\"elementor-field-type-text elementor-field-group elementor-column elementor-field-group-name elementor-col-100 elementor-field-required\">\n\t\t\t\t\t\t\t\t\t\t\t\t<label for=\"form-field-name\" class=\"elementor-field-label elementor-screen-only\">\n\t\t\t\t\t\t\t\tNom\t\t\t\t\t\t\t<\/label>\n\t\t\t\t\t\t\t\t\t\t\t\t\t\t<input size=\"1\" type=\"text\" name=\"form_fields[name]\" id=\"form-field-name\" class=\"elementor-field elementor-size-sm  elementor-field-textual\" placeholder=\"Nom\" required=\"required\">\n\t\t\t\t\t\t\t\t\t\t\t<\/div>\n\t\t\t\t\t\t\t\t<div class=\"elementor-field-type-text elementor-field-group elementor-column elementor-field-group-field_b6bd8eb elementor-col-50\">\n\t\t\t\t\t\t\t\t\t\t\t\t<label for=\"form-field-field_b6bd8eb\" class=\"elementor-field-label elementor-screen-only\">\n\t\t\t\t\t\t\t\tEntreprise\t\t\t\t\t\t\t<\/label>\n\t\t\t\t\t\t\t\t\t\t\t\t\t\t<input size=\"1\" type=\"text\" name=\"form_fields[field_b6bd8eb]\" id=\"form-field-field_b6bd8eb\" class=\"elementor-field elementor-size-sm  elementor-field-textual\" placeholder=\"Entreprise\">\n\t\t\t\t\t\t\t\t\t\t\t<\/div>\n\t\t\t\t\t\t\t\t<div class=\"elementor-field-type-text elementor-field-group elementor-column elementor-field-group-field_5040a7f elementor-col-50\">\n\t\t\t\t\t\t\t\t\t\t\t\t<label for=\"form-field-field_5040a7f\" class=\"elementor-field-label elementor-screen-only\">\n\t\t\t\t\t\t\t\tVille\t\t\t\t\t\t\t<\/label>\n\t\t\t\t\t\t\t\t\t\t\t\t\t\t<input size=\"1\" type=\"text\" name=\"form_fields[field_5040a7f]\" id=\"form-field-field_5040a7f\" class=\"elementor-field elementor-size-sm  elementor-field-textual\" placeholder=\"Ville\">\n\t\t\t\t\t\t\t\t\t\t\t<\/div>\n\t\t\t\t\t\t\t\t<div class=\"elementor-field-type-email elementor-field-group elementor-column elementor-field-group-email elementor-col-50 elementor-field-required\">\n\t\t\t\t\t\t\t\t\t\t\t\t<label for=\"form-field-email\" class=\"elementor-field-label elementor-screen-only\">\n\t\t\t\t\t\t\t\tCourriel\t\t\t\t\t\t\t<\/label>\n\t\t\t\t\t\t\t\t\t\t\t\t\t\t<input size=\"1\" type=\"email\" name=\"form_fields[email]\" id=\"form-field-email\" class=\"elementor-field elementor-size-sm  elementor-field-textual\" placeholder=\"Courriel\" required=\"required\">\n\t\t\t\t\t\t\t\t\t\t\t<\/div>\n\t\t\t\t\t\t\t\t<div class=\"elementor-field-type-tel elementor-field-group elementor-column elementor-field-group-field_d100c46 elementor-col-50\">\n\t\t\t\t\t\t\t\t\t\t\t\t<label for=\"form-field-field_d100c46\" class=\"elementor-field-label elementor-screen-only\">\n\t\t\t\t\t\t\t\tT\u00e9l\t\t\t\t\t\t\t<\/label>\n\t\t\t\t\t\t\t\t<input size=\"1\" type=\"tel\" name=\"form_fields[field_d100c46]\" id=\"form-field-field_d100c46\" class=\"elementor-field elementor-size-sm  elementor-field-textual\" placeholder=\"T\u00e9l\" pattern=\"[0-9()#&amp;+*-=.]+\" title=\"Seuls les caract\u00e8res de num\u00e9ros de t\u00e9l\u00e9phone (#, -, *, etc.) sont accept\u00e9s.\">\n\n\t\t\t\t\t\t<\/div>\n\t\t\t\t\t\t\t\t<div class=\"elementor-field-type-textarea elementor-field-group elementor-column elementor-field-group-message elementor-col-100\">\n\t\t\t\t\t\t\t\t\t\t\t\t<label for=\"form-field-message\" class=\"elementor-field-label elementor-screen-only\">\n\t\t\t\t\t\t\t\tMessage\t\t\t\t\t\t\t<\/label>\n\t\t\t\t\t\t<textarea class=\"elementor-field-textual elementor-field  elementor-size-sm\" name=\"form_fields[message]\" id=\"form-field-message\" rows=\"4\" placeholder=\"Message\"><\/textarea>\t\t\t\t<\/div>\n\t\t\t\t\t\t\t\t<div class=\"elementor-field-type-acceptance elementor-field-group elementor-column elementor-field-group-privacidad elementor-col-100 elementor-field-required\">\n\t\t\t\t\t\t\t\t\t\t\t\t<label for=\"form-field-privacidad\" class=\"elementor-field-label elementor-screen-only\">\n\t\t\t\t\t\t\t\tVie priv\u00e9e\t\t\t\t\t\t\t<\/label>\n\t\t\t\t\t\t\t\t<div class=\"elementor-field-subgroup\">\n\t\t\t<span class=\"elementor-field-option\">\n\t\t\t\t<input type=\"checkbox\" name=\"form_fields[privacidad]\" id=\"form-field-privacidad\" class=\"elementor-field elementor-size-sm  elementor-acceptance-field\" required=\"required\">\n\t\t\t\t<label for=\"form-field-privacidad\">J'ai lu et j'accepte la&lt; wpml_linebreak&gt;\n<a href=\"https:\/\/isotermica.net\/fr\/politique-de-confidentialite\/\" style=\"color: #fff\">Politique de confidentialit\u00e9..<\/a><\/label>\t\t\t<\/span>\n\t\t<\/div>\n\t\t\t\t\t\t<\/div>\n\t\t\t\t\t\t\t\t<div class=\"elementor-field-type-acceptance elementor-field-group elementor-column elementor-field-group-consentimiento elementor-col-100 elementor-field-required\">\n\t\t\t\t\t\t\t\t\t\t\t\t<label for=\"form-field-consentimiento\" class=\"elementor-field-label elementor-screen-only\">\n\t\t\t\t\t\t\t\tConsentement\t\t\t\t\t\t\t<\/label>\n\t\t\t\t\t\t\t\t<div class=\"elementor-field-subgroup\">\n\t\t\t<span class=\"elementor-field-option\">\n\t\t\t\t<input type=\"checkbox\" name=\"form_fields[consentimiento]\" id=\"form-field-consentimiento\" class=\"elementor-field elementor-size-sm  elementor-acceptance-field\" required=\"required\">\n\t\t\t\t<label for=\"form-field-consentimiento\">Nous demandons \u00e9galement votre autorisation pour vous proposer des produits et services li\u00e9s \u00e0 ceux demand\u00e9s, fournis et\/ou commercialis\u00e9s par notre entit\u00e9 et pouvoir ainsi vous conserver en tant que client.<\/label>\t\t\t<\/span>\n\t\t<\/div>\n\t\t\t\t\t\t<\/div>\n\t\t\t\t\t\t\t\t<div class=\"elementor-field-type-html elementor-field-group elementor-column elementor-field-group-field_62ce0bf elementor-col-100\">\n\t\t\t\t\t<span class=\"rgpd_texto\">Conform\u00e9ment au R\u00e8glement g\u00e9n\u00e9ral sur la protection des donn\u00e9es (UE) 2016\/679 du Parlement europ\u00e9en et du Conseil du 27 avril 2016 et \u00e0 la Loi organique 3\/2018 du 5 d\u00e9cembre sur la protection des donn\u00e9es \u00e0 caract\u00e8re personnel et la garantie des droits num\u00e9riques, nous vous informons que les donn\u00e9es fournies par vous seront trait\u00e9es par ISOTERMICA SL avec CIF B41604745, avec adresse \u00e0 CALLE METALURGIA N\u00ba 39 (POLIGONO INDUSTRIAL CALONGE) afin de vous fournir le service demand\u00e9 et \/ ou contract\u00e9 et de vous facturer le m\u00eame. La base juridique du traitement de vos donn\u00e9es est l'ex\u00e9cution du service contract\u00e9 et\/ou demand\u00e9 par vous. L'offre prospective de produits et de services est bas\u00e9e sur le consentement qui vous est demand\u00e9, sans que le retrait de ce consentement ne soit en aucun cas une condition pour l'ex\u00e9cution du contrat. Les donn\u00e9es fournies seront conserv\u00e9es pendant la dur\u00e9e de la relation commerciale ou pendant les ann\u00e9es n\u00e9cessaires au respect des obligations l\u00e9gales. Les donn\u00e9es ne seront pas transmises \u00e0 des tiers, sauf en cas d'obligation l\u00e9gale. Vous avez le droit d'obtenir la confirmation qu'ISOTERMICA SL traite vos donn\u00e9es personnelles et, par cons\u00e9quent, vous avez le droit d'exercer vos droits d'acc\u00e8s, de rectification, de limitation du traitement, de portabilit\u00e9, d'opposition au traitement et de suppression de vos donn\u00e9es ainsi que le droit d'introduire une plainte aupr\u00e8s de l'Autorit\u00e9 de surveillance en \u00e9crivant \u00e0 l'adresse postale ou \u00e0 l'adresse \u00e9lectronique ADMINISTRACION@ISOTERMICA.ES, en joignant une copie de votre carte d'identit\u00e9 dans les deux cas.<\/span>\t\t\t\t<\/div>\n\t\t\t\t\t\t\t\t<div class=\"elementor-field-group elementor-column elementor-field-type-submit elementor-col-100 e-form__buttons\">\n\t\t\t\t\t<button class=\"elementor-button elementor-size-sm\" type=\"submit\">\n\t\t\t\t\t\t<span class=\"elementor-button-content-wrapper\">\n\t\t\t\t\t\t\t\t\t\t\t\t\t\t\t\t\t\t\t\t\t\t<span class=\"elementor-button-text\">ENVOYER<\/span>\n\t\t\t\t\t\t\t\t\t\t\t\t\t<\/span>\n\t\t\t\t\t<\/button>\n\t\t\t\t<\/div>\n\t\t\t<\/div>\n\t\t<\/form>\n\t\t\t\t\t\t<\/div>\n\t\t\t\t<\/div>\n\t\t\t\t<\/div>\n\t\t\t\t\t<\/div>\n\t\t\t\t<\/div>\n\t\t\t\t<\/div>\n\t\t","protected":false},"excerpt":{"rendered":"<p>DEMANDER UN DEVIS Demandez un devis sans engagement Si vous avez des questions sur nos produits ou si vous souhaitez demander un devis, n&rsquo;h\u00e9sitez pas \u00e0 nous contacter en utilisant le formulaire suivant ou en nous envoyant un courrier \u00e9lectronique \u00e0 l&rsquo;adresse suivante comercial@isotermica.es Consultation d&rsquo;un expert<\/p>\n","protected":false},"author":1,"featured_media":0,"parent":0,"menu_order":0,"comment_status":"closed","ping_status":"closed","template":"","meta":{"_acf_changed":false,"footnotes":""},"class_list":["post-1964","page","type-page","status-publish"],"acf":[],"yoast_head":"<!-- This site is optimized with the Yoast SEO plugin v27.4 - https:\/\/yoast.com\/product\/yoast-seo-wordpress\/ -->\n<title>DEMANDER UN DEVIS - Isot\u00e9rmica<\/title>\n<meta name=\"robots\" content=\"index, follow, max-snippet:-1, max-image-preview:large, max-video-preview:-1\" \/>\n<link rel=\"canonical\" href=\"https:\/\/isotermica.net\/fr\/demander-un-devis\/\" \/>\n<meta property=\"og:locale\" content=\"fr_FR\" \/>\n<meta property=\"og:type\" content=\"article\" \/>\n<meta property=\"og:title\" content=\"DEMANDER UN DEVIS - Isot\u00e9rmica\" \/>\n<meta property=\"og:description\" content=\"DEMANDER UN DEVIS Demandez un devis sans engagement Si vous avez des questions sur nos produits ou si vous souhaitez demander un devis, n&rsquo;h\u00e9sitez pas \u00e0 nous contacter en utilisant le formulaire suivant ou en nous envoyant un courrier \u00e9lectronique \u00e0 l&rsquo;adresse suivante comercial@isotermica.es Consultation d&rsquo;un expert\" \/>\n<meta property=\"og:url\" content=\"https:\/\/isotermica.net\/fr\/demander-un-devis\/\" \/>\n<meta property=\"og:site_name\" content=\"Isot\u00e9rmica\" \/>\n<meta property=\"article:modified_time\" content=\"2025-11-12T10:01:59+00:00\" \/>\n<meta name=\"twitter:card\" content=\"summary_large_image\" \/>\n<script type=\"application\/ld+json\" class=\"yoast-schema-graph\">{\"@context\":\"https:\\\/\\\/schema.org\",\"@graph\":[{\"@type\":\"WebPage\",\"@id\":\"https:\\\/\\\/isotermica.net\\\/fr\\\/demander-un-devis\\\/\",\"url\":\"https:\\\/\\\/isotermica.net\\\/fr\\\/demander-un-devis\\\/\",\"name\":\"DEMANDER UN DEVIS - Isot\u00e9rmica\",\"isPartOf\":{\"@id\":\"https:\\\/\\\/isotermica.net\\\/fr\\\/#website\"},\"datePublished\":\"2023-08-22T06:29:22+00:00\",\"dateModified\":\"2025-11-12T10:01:59+00:00\",\"breadcrumb\":{\"@id\":\"https:\\\/\\\/isotermica.net\\\/fr\\\/demander-un-devis\\\/#breadcrumb\"},\"inLanguage\":\"fr-FR\",\"potentialAction\":[{\"@type\":\"ReadAction\",\"target\":[\"https:\\\/\\\/isotermica.net\\\/fr\\\/demander-un-devis\\\/\"]}]},{\"@type\":\"BreadcrumbList\",\"@id\":\"https:\\\/\\\/isotermica.net\\\/fr\\\/demander-un-devis\\\/#breadcrumb\",\"itemListElement\":[{\"@type\":\"ListItem\",\"position\":1,\"name\":\"Inicio\",\"item\":\"https:\\\/\\\/isotermica.net\\\/fr\\\/accueil\\\/\"},{\"@type\":\"ListItem\",\"position\":2,\"name\":\"DEMANDER UN DEVIS\"}]},{\"@type\":\"WebSite\",\"@id\":\"https:\\\/\\\/isotermica.net\\\/fr\\\/#website\",\"url\":\"https:\\\/\\\/isotermica.net\\\/fr\\\/\",\"name\":\"Isot\u00e9rmica\",\"description\":\"Fabricaci\u00f3n de Puertas para la Industria Alimentaria\",\"publisher\":{\"@id\":\"https:\\\/\\\/isotermica.net\\\/fr\\\/#organization\"},\"potentialAction\":[{\"@type\":\"SearchAction\",\"target\":{\"@type\":\"EntryPoint\",\"urlTemplate\":\"https:\\\/\\\/isotermica.net\\\/fr\\\/?s={search_term_string}\"},\"query-input\":{\"@type\":\"PropertyValueSpecification\",\"valueRequired\":true,\"valueName\":\"search_term_string\"}}],\"inLanguage\":\"fr-FR\"},{\"@type\":\"Organization\",\"@id\":\"https:\\\/\\\/isotermica.net\\\/fr\\\/#organization\",\"name\":\"Isot\u00e9rmica\",\"url\":\"https:\\\/\\\/isotermica.net\\\/fr\\\/\",\"logo\":{\"@type\":\"ImageObject\",\"inLanguage\":\"fr-FR\",\"@id\":\"https:\\\/\\\/isotermica.net\\\/fr\\\/#\\\/schema\\\/logo\\\/image\\\/\",\"url\":\"https:\\\/\\\/isotermica.net\\\/wp-content\\\/uploads\\\/2023\\\/08\\\/logo-isotermica-color.svg\",\"contentUrl\":\"https:\\\/\\\/isotermica.net\\\/wp-content\\\/uploads\\\/2023\\\/08\\\/logo-isotermica-color.svg\",\"width\":504,\"height\":71,\"caption\":\"Isot\u00e9rmica\"},\"image\":{\"@id\":\"https:\\\/\\\/isotermica.net\\\/fr\\\/#\\\/schema\\\/logo\\\/image\\\/\"}}]}<\/script>\n<!-- \/ Yoast SEO plugin. -->","yoast_head_json":{"title":"DEMANDER UN DEVIS - Isot\u00e9rmica","robots":{"index":"index","follow":"follow","max-snippet":"max-snippet:-1","max-image-preview":"max-image-preview:large","max-video-preview":"max-video-preview:-1"},"canonical":"https:\/\/isotermica.net\/fr\/demander-un-devis\/","og_locale":"fr_FR","og_type":"article","og_title":"DEMANDER UN DEVIS - Isot\u00e9rmica","og_description":"DEMANDER UN DEVIS Demandez un devis sans engagement Si vous avez des questions sur nos produits ou si vous souhaitez demander un devis, n&rsquo;h\u00e9sitez pas \u00e0 nous contacter en utilisant le formulaire suivant ou en nous envoyant un courrier \u00e9lectronique \u00e0 l&rsquo;adresse suivante comercial@isotermica.es Consultation d&rsquo;un expert","og_url":"https:\/\/isotermica.net\/fr\/demander-un-devis\/","og_site_name":"Isot\u00e9rmica","article_modified_time":"2025-11-12T10:01:59+00:00","twitter_card":"summary_large_image","schema":{"@context":"https:\/\/schema.org","@graph":[{"@type":"WebPage","@id":"https:\/\/isotermica.net\/fr\/demander-un-devis\/","url":"https:\/\/isotermica.net\/fr\/demander-un-devis\/","name":"DEMANDER UN DEVIS - Isot\u00e9rmica","isPartOf":{"@id":"https:\/\/isotermica.net\/fr\/#website"},"datePublished":"2023-08-22T06:29:22+00:00","dateModified":"2025-11-12T10:01:59+00:00","breadcrumb":{"@id":"https:\/\/isotermica.net\/fr\/demander-un-devis\/#breadcrumb"},"inLanguage":"fr-FR","potentialAction":[{"@type":"ReadAction","target":["https:\/\/isotermica.net\/fr\/demander-un-devis\/"]}]},{"@type":"BreadcrumbList","@id":"https:\/\/isotermica.net\/fr\/demander-un-devis\/#breadcrumb","itemListElement":[{"@type":"ListItem","position":1,"name":"Inicio","item":"https:\/\/isotermica.net\/fr\/accueil\/"},{"@type":"ListItem","position":2,"name":"DEMANDER UN DEVIS"}]},{"@type":"WebSite","@id":"https:\/\/isotermica.net\/fr\/#website","url":"https:\/\/isotermica.net\/fr\/","name":"Isot\u00e9rmica","description":"Fabricaci\u00f3n de Puertas para la Industria Alimentaria","publisher":{"@id":"https:\/\/isotermica.net\/fr\/#organization"},"potentialAction":[{"@type":"SearchAction","target":{"@type":"EntryPoint","urlTemplate":"https:\/\/isotermica.net\/fr\/?s={search_term_string}"},"query-input":{"@type":"PropertyValueSpecification","valueRequired":true,"valueName":"search_term_string"}}],"inLanguage":"fr-FR"},{"@type":"Organization","@id":"https:\/\/isotermica.net\/fr\/#organization","name":"Isot\u00e9rmica","url":"https:\/\/isotermica.net\/fr\/","logo":{"@type":"ImageObject","inLanguage":"fr-FR","@id":"https:\/\/isotermica.net\/fr\/#\/schema\/logo\/image\/","url":"https:\/\/isotermica.net\/wp-content\/uploads\/2023\/08\/logo-isotermica-color.svg","contentUrl":"https:\/\/isotermica.net\/wp-content\/uploads\/2023\/08\/logo-isotermica-color.svg","width":504,"height":71,"caption":"Isot\u00e9rmica"},"image":{"@id":"https:\/\/isotermica.net\/fr\/#\/schema\/logo\/image\/"}}]}},"_links":{"self":[{"href":"https:\/\/isotermica.net\/fr\/wp-json\/wp\/v2\/pages\/1964","targetHints":{"allow":["GET"]}}],"collection":[{"href":"https:\/\/isotermica.net\/fr\/wp-json\/wp\/v2\/pages"}],"about":[{"href":"https:\/\/isotermica.net\/fr\/wp-json\/wp\/v2\/types\/page"}],"author":[{"embeddable":true,"href":"https:\/\/isotermica.net\/fr\/wp-json\/wp\/v2\/users\/1"}],"replies":[{"embeddable":true,"href":"https:\/\/isotermica.net\/fr\/wp-json\/wp\/v2\/comments?post=1964"}],"version-history":[{"count":0,"href":"https:\/\/isotermica.net\/fr\/wp-json\/wp\/v2\/pages\/1964\/revisions"}],"wp:attachment":[{"href":"https:\/\/isotermica.net\/fr\/wp-json\/wp\/v2\/media?parent=1964"}],"curies":[{"name":"wp","href":"https:\/\/api.w.org\/{rel}","templated":true}]}}